{"id":4828,"date":"2025-09-09T05:44:00","date_gmt":"2025-09-09T00:44:00","guid":{"rendered":"https:\/\/kdkacademyonline.com\/?page_id=4828"},"modified":"2025-09-15T20:59:25","modified_gmt":"2025-09-15T15:59:25","slug":"dra-maria-oviedo-otero","status":"publish","type":"page","link":"https:\/\/kdkacademyonline.com\/en\/dra-maria-oviedo-otero\/","title":{"rendered":"Dra Mar\u00eda Oviedo Otero"},"content":{"rendered":"<div data-elementor-type=\"wp-page\" data-elementor-id=\"4828\" class=\"elementor elementor-4828\" data-elementor-post-type=\"page\">\n\t\t\t\t<div class=\"elementor-element elementor-element-a776983 e-flex e-con-boxed e-con e-parent\" data-id=\"a776983\" data-element_type=\"container\" data-e-type=\"container\">\n\t\t\t\t\t<div class=\"e-con-inner\">\n\t\t\t\t<div class=\"elementor-element elementor-element-024dc79 elementor-widget elementor-widget-spacer\" data-id=\"024dc79\" data-element_type=\"widget\" data-e-type=\"widget\" data-widget_type=\"spacer.default\">\n\t\t\t\t<div class=\"elementor-widget-container\">\n\t\t\t\t\t\t\t<div class=\"elementor-spacer\">\n\t\t\t<div class=\"elementor-spacer-inner\"><\/div>\n\t\t<\/div>\n\t\t\t\t\t\t<\/div>\n\t\t\t\t<\/div>\n\t\t\t\t<div class=\"elementor-element elementor-element-3c799f3 elementor-widget elementor-widget-button\" data-id=\"3c799f3\" data-element_type=\"widget\" data-e-type=\"widget\" data-widget_type=\"button.default\">\n\t\t\t\t<div class=\"elementor-widget-container\">\n\t\t\t\t\t\t\t\t\t<div class=\"elementor-button-wrapper\">\n\t\t\t\t\t<a class=\"elementor-button elementor-button-link elementor-size-sm\" href=\"https:\/\/kdkacademyonline.com\/en\/nosotros\/\">\n\t\t\t\t\t\t<span class=\"elementor-button-content-wrapper\">\n\t\t\t\t\t\t\t\t\t<span class=\"elementor-button-text\">Ver especialistas<\/span>\n\t\t\t\t\t<\/span>\n\t\t\t\t\t<\/a>\n\t\t\t\t<\/div>\n\t\t\t\t\t\t\t\t<\/div>\n\t\t\t\t<\/div>\n\t\t\t\t\t<\/div>\n\t\t\t\t<\/div>\n\t\t<div class=\"elementor-element elementor-element-415b33f e-flex e-con-boxed e-con e-parent\" data-id=\"415b33f\" data-element_type=\"container\" data-e-type=\"container\">\n\t\t\t\t\t<div class=\"e-con-inner\">\n\t\t<div class=\"elementor-element elementor-element-b71ee9b e-con-full e-flex e-con e-child\" data-id=\"b71ee9b\" data-element_type=\"container\" data-e-type=\"container\">\n\t\t\t\t<div class=\"elementor-element elementor-element-5a5f775 elementor-widget elementor-widget-image\" data-id=\"5a5f775\" data-element_type=\"widget\" data-e-type=\"widget\" data-widget_type=\"image.default\">\n\t\t\t\t<div class=\"elementor-widget-container\">\n\t\t\t\t\t\t\t\t\t\t\t\t\t\t\t<img fetchpriority=\"high\" decoding=\"async\" width=\"800\" height=\"1000\" src=\"https:\/\/kdkacademyonline.com\/wp-content\/uploads\/2025\/07\/doctora-maria-oviedo-819x1024.webp\" class=\"attachment-large size-large wp-image-2921\" alt=\"\" srcset=\"https:\/\/kdkacademyonline.com\/wp-content\/uploads\/2025\/07\/doctora-maria-oviedo-819x1024.webp 819w, https:\/\/kdkacademyonline.com\/wp-content\/uploads\/2025\/07\/doctora-maria-oviedo-240x300.webp 240w, https:\/\/kdkacademyonline.com\/wp-content\/uploads\/2025\/07\/doctora-maria-oviedo-768x960.webp 768w, https:\/\/kdkacademyonline.com\/wp-content\/uploads\/2025\/07\/doctora-maria-oviedo-600x750.webp 600w, https:\/\/kdkacademyonline.com\/wp-content\/uploads\/2025\/07\/doctora-maria-oviedo.webp 1080w\" sizes=\"(max-width: 800px) 100vw, 800px\" \/>\t\t\t\t\t\t\t\t\t\t\t\t\t\t\t<\/div>\n\t\t\t\t<\/div>\n\t\t\t\t<\/div>\n\t\t<div class=\"elementor-element elementor-element-4b80dd2 e-con-full e-flex e-con e-child\" data-id=\"4b80dd2\" data-element_type=\"container\" data-e-type=\"container\">\n\t\t<div class=\"elementor-element elementor-element-f436bcf e-con-full e-flex e-con e-child\" data-id=\"f436bcf\" data-element_type=\"container\" data-e-type=\"container\">\n\t\t<div class=\"elementor-element elementor-element-7e70ab6 e-con-full e-flex e-con e-child\" data-id=\"7e70ab6\" data-element_type=\"container\" data-e-type=\"container\">\n\t\t\t\t<div class=\"elementor-element elementor-element-e93ff6c elementor-widget elementor-widget-text-editor\" data-id=\"e93ff6c\" data-element_type=\"widget\" data-e-type=\"widget\" data-widget_type=\"text-editor.default\">\n\t\t\t\t<div class=\"elementor-widget-container\">\n\t\t\t\t\t\t\t\t\t<p><strong>Mar\u00eda Oviedo Otero<\/strong><\/p>\t\t\t\t\t\t\t\t<\/div>\n\t\t\t\t<\/div>\n\t\t<div class=\"elementor-element elementor-element-efe898f e-con-full e-flex e-con e-child\" data-id=\"efe898f\" data-element_type=\"container\" data-e-type=\"container\">\n\t\t\t\t<div class=\"elementor-element elementor-element-921f4d2 elementor-widget elementor-widget-text-editor\" data-id=\"921f4d2\" data-element_type=\"widget\" data-e-type=\"widget\" data-widget_type=\"text-editor.default\">\n\t\t\t\t<div class=\"elementor-widget-container\">\n\t\t\t\t\t\t\t\t\t<p data-start=\"312\" data-end=\"390\">M\u00e9dica cirujana \/ M\u00e1ster en Medicina Est\u00e9tica<\/p>\t\t\t\t\t\t\t\t<\/div>\n\t\t\t\t<\/div>\n\t\t\t\t<\/div>\n\t\t\t\t<\/div>\n\t\t\t\t<div class=\"elementor-element elementor-element-9822adc elementor-widget elementor-widget-text-editor\" data-id=\"9822adc\" data-element_type=\"widget\" data-e-type=\"widget\" data-widget_type=\"text-editor.default\">\n\t\t\t\t<div class=\"elementor-widget-container\">\n\t\t\t\t\t\t\t\t\t<p>M\u00e9dica cirujana egresada de la Universidad de La Sabana (Colombia), con M\u00e1ster en Medicina Est\u00e9tica de la Universidad Complutense de Madrid (Espa\u00f1a).<br \/>Especialista en terapias m\u00e9dico-est\u00e9ticas con \u00e9nfasis en bioestimulaci\u00f3n y regeneraci\u00f3n cut\u00e1nea, aplicadas al manejo integral del envejecimiento y la salud de la piel.<br \/>Con m\u00e1s de cinco a\u00f1os de experiencia cl\u00ednica, desarrollo protocolos personalizados basados en evidencia cient\u00edfica, tecnolog\u00eda de \u00faltima generaci\u00f3n y altos est\u00e1ndares de seguridad.<br \/>Mi pr\u00e1ctica se enfoca en optimizar la calidad y funcionalidad de la piel a trav\u00e9s de intervenciones precisas, sostenibles y m\u00e9dicamente respaldadas.<\/p>\t\t\t\t\t\t\t\t<\/div>\n\t\t\t\t<\/div>\n\t\t\t\t<\/div>\n\t\t\t\t<\/div>\n\t\t\t\t\t<\/div>\n\t\t\t\t<\/div>\n\t\t<div class=\"elementor-element elementor-element-0d59d3d e-flex e-con-boxed e-con e-parent\" data-id=\"0d59d3d\" data-element_type=\"container\" data-e-type=\"container\">\n\t\t\t\t\t<div class=\"e-con-inner\">\n\t\t\t\t<div class=\"elementor-element elementor-element-5603b08 elementor-widget elementor-widget-spacer\" data-id=\"5603b08\" data-element_type=\"widget\" data-e-type=\"widget\" data-widget_type=\"spacer.default\">\n\t\t\t\t<div class=\"elementor-widget-container\">\n\t\t\t\t\t\t\t<div class=\"elementor-spacer\">\n\t\t\t<div class=\"elementor-spacer-inner\"><\/div>\n\t\t<\/div>\n\t\t\t\t\t\t<\/div>\n\t\t\t\t<\/div>\n\t\t\t\t\t<\/div>\n\t\t\t\t<\/div>\n\t\t\t\t<\/div>","protected":false},"excerpt":{"rendered":"<p>Ver especialistas Mar\u00eda Oviedo Otero M\u00e9dica cirujana \/ M\u00e1ster en Medicina Est\u00e9tica M\u00e9dica cirujana egresada de la Universidad de La Sabana (Colombia), con M\u00e1ster en Medicina Est\u00e9tica de la Universidad Complutense de Madrid (Espa\u00f1a).Especialista en terapias m\u00e9dico-est\u00e9ticas con \u00e9nfasis en bioestimulaci\u00f3n y regeneraci\u00f3n cut\u00e1nea, aplicadas al manejo integral del envejecimiento y la salud de la [&hellip;]<\/p>\n","protected":false},"author":1,"featured_media":0,"parent":0,"menu_order":0,"comment_status":"closed","ping_status":"closed","template":"","meta":{"_acf_changed":false,"footnotes":""},"class_list":["post-4828","page","type-page","status-publish","hentry"],"acf":[],"_links":{"self":[{"href":"https:\/\/kdkacademyonline.com\/en\/wp-json\/wp\/v2\/pages\/4828","targetHints":{"allow":["GET"]}}],"collection":[{"href":"https:\/\/kdkacademyonline.com\/en\/wp-json\/wp\/v2\/pages"}],"about":[{"href":"https:\/\/kdkacademyonline.com\/en\/wp-json\/wp\/v2\/types\/page"}],"author":[{"embeddable":true,"href":"https:\/\/kdkacademyonline.com\/en\/wp-json\/wp\/v2\/users\/1"}],"replies":[{"embeddable":true,"href":"https:\/\/kdkacademyonline.com\/en\/wp-json\/wp\/v2\/comments?post=4828"}],"version-history":[{"count":0,"href":"https:\/\/kdkacademyonline.com\/en\/wp-json\/wp\/v2\/pages\/4828\/revisions"}],"wp:attachment":[{"href":"https:\/\/kdkacademyonline.com\/en\/wp-json\/wp\/v2\/media?parent=4828"}],"curies":[{"name":"wp","href":"https:\/\/api.w.org\/{rel}","templated":true}]}}