{"id":4778,"date":"2025-09-09T05:18:21","date_gmt":"2025-09-09T00:18:21","guid":{"rendered":"https:\/\/kdkacademyonline.com\/?page_id=4778"},"modified":"2025-09-15T20:57:52","modified_gmt":"2025-09-15T15:57:52","slug":"dr-diego-daniel-diaz","status":"publish","type":"page","link":"https:\/\/kdkacademyonline.com\/en\/dr-diego-daniel-diaz\/","title":{"rendered":"Dr Diego Daniel D\u00edaz"},"content":{"rendered":"<div data-elementor-type=\"wp-page\" data-elementor-id=\"4778\" class=\"elementor elementor-4778\" data-elementor-post-type=\"page\">\n\t\t\t\t<div class=\"elementor-element elementor-element-ee4e801 e-flex e-con-boxed e-con e-parent\" data-id=\"ee4e801\" data-element_type=\"container\" data-e-type=\"container\">\n\t\t\t\t\t<div class=\"e-con-inner\">\n\t\t\t\t<div class=\"elementor-element elementor-element-6bc4407 elementor-widget elementor-widget-spacer\" data-id=\"6bc4407\" data-element_type=\"widget\" data-e-type=\"widget\" data-widget_type=\"spacer.default\">\n\t\t\t\t<div class=\"elementor-widget-container\">\n\t\t\t\t\t\t\t<div class=\"elementor-spacer\">\n\t\t\t<div class=\"elementor-spacer-inner\"><\/div>\n\t\t<\/div>\n\t\t\t\t\t\t<\/div>\n\t\t\t\t<\/div>\n\t\t\t\t<div class=\"elementor-element elementor-element-1bd72ce elementor-widget elementor-widget-button\" data-id=\"1bd72ce\" data-element_type=\"widget\" data-e-type=\"widget\" data-widget_type=\"button.default\">\n\t\t\t\t<div class=\"elementor-widget-container\">\n\t\t\t\t\t\t\t\t\t<div class=\"elementor-button-wrapper\">\n\t\t\t\t\t<a class=\"elementor-button elementor-button-link elementor-size-sm\" href=\"https:\/\/kdkacademyonline.com\/en\/nosotros\/\">\n\t\t\t\t\t\t<span class=\"elementor-button-content-wrapper\">\n\t\t\t\t\t\t\t\t\t<span class=\"elementor-button-text\">Ver especialistas<\/span>\n\t\t\t\t\t<\/span>\n\t\t\t\t\t<\/a>\n\t\t\t\t<\/div>\n\t\t\t\t\t\t\t\t<\/div>\n\t\t\t\t<\/div>\n\t\t\t\t\t<\/div>\n\t\t\t\t<\/div>\n\t\t<div class=\"elementor-element elementor-element-415b33f e-flex e-con-boxed e-con e-parent\" data-id=\"415b33f\" data-element_type=\"container\" data-e-type=\"container\">\n\t\t\t\t\t<div class=\"e-con-inner\">\n\t\t<div class=\"elementor-element elementor-element-b71ee9b e-con-full e-flex e-con e-child\" data-id=\"b71ee9b\" data-element_type=\"container\" data-e-type=\"container\">\n\t\t\t\t<div class=\"elementor-element elementor-element-5a5f775 elementor-widget elementor-widget-image\" data-id=\"5a5f775\" data-element_type=\"widget\" data-e-type=\"widget\" data-widget_type=\"image.default\">\n\t\t\t\t<div class=\"elementor-widget-container\">\n\t\t\t\t\t\t\t\t\t\t\t\t\t\t\t<img fetchpriority=\"high\" decoding=\"async\" width=\"800\" height=\"1000\" src=\"https:\/\/kdkacademyonline.com\/wp-content\/uploads\/2025\/07\/doctor-daniel-editada_optimized-819x1024.webp\" class=\"attachment-large size-large wp-image-2926\" alt=\"\" srcset=\"https:\/\/kdkacademyonline.com\/wp-content\/uploads\/2025\/07\/doctor-daniel-editada_optimized-819x1024.webp 819w, https:\/\/kdkacademyonline.com\/wp-content\/uploads\/2025\/07\/doctor-daniel-editada_optimized-240x300.webp 240w, https:\/\/kdkacademyonline.com\/wp-content\/uploads\/2025\/07\/doctor-daniel-editada_optimized-768x960.webp 768w, https:\/\/kdkacademyonline.com\/wp-content\/uploads\/2025\/07\/doctor-daniel-editada_optimized-600x750.webp 600w, https:\/\/kdkacademyonline.com\/wp-content\/uploads\/2025\/07\/doctor-daniel-editada_optimized.webp 1080w\" sizes=\"(max-width: 800px) 100vw, 800px\" \/>\t\t\t\t\t\t\t\t\t\t\t\t\t\t\t<\/div>\n\t\t\t\t<\/div>\n\t\t\t\t<\/div>\n\t\t<div class=\"elementor-element elementor-element-4b80dd2 e-con-full e-flex e-con e-child\" data-id=\"4b80dd2\" data-element_type=\"container\" data-e-type=\"container\">\n\t\t<div class=\"elementor-element elementor-element-f436bcf e-con-full e-flex e-con e-child\" data-id=\"f436bcf\" data-element_type=\"container\" data-e-type=\"container\">\n\t\t<div class=\"elementor-element elementor-element-7e70ab6 e-con-full e-flex e-con e-child\" data-id=\"7e70ab6\" data-element_type=\"container\" data-e-type=\"container\">\n\t\t\t\t<div class=\"elementor-element elementor-element-e93ff6c elementor-widget elementor-widget-text-editor\" data-id=\"e93ff6c\" data-element_type=\"widget\" data-e-type=\"widget\" data-widget_type=\"text-editor.default\">\n\t\t\t\t<div class=\"elementor-widget-container\">\n\t\t\t\t\t\t\t\t\t<p><strong>Diego Daniel D\u00edaz<\/strong><\/p>\t\t\t\t\t\t\t\t<\/div>\n\t\t\t\t<\/div>\n\t\t<div class=\"elementor-element elementor-element-efe898f e-con-full e-flex e-con e-child\" data-id=\"efe898f\" data-element_type=\"container\" data-e-type=\"container\">\n\t\t\t\t<div class=\"elementor-element elementor-element-921f4d2 elementor-widget elementor-widget-text-editor\" data-id=\"921f4d2\" data-element_type=\"widget\" data-e-type=\"widget\" data-widget_type=\"text-editor.default\">\n\t\t\t\t<div class=\"elementor-widget-container\">\n\t\t\t\t\t\t\t\t\t<p data-start=\"312\" data-end=\"390\">M\u00e9dico General \/ Medico Est\u00e9tico<\/p>\t\t\t\t\t\t\t\t<\/div>\n\t\t\t\t<\/div>\n\t\t\t\t<\/div>\n\t\t\t\t<\/div>\n\t\t\t\t<div class=\"elementor-element elementor-element-9822adc elementor-widget elementor-widget-text-editor\" data-id=\"9822adc\" data-element_type=\"widget\" data-e-type=\"widget\" data-widget_type=\"text-editor.default\">\n\t\t\t\t<div class=\"elementor-widget-container\">\n\t\t\t\t\t\t\t\t\t<p data-start=\"122\" data-end=\"442\">M\u00e9dico cirujano con m\u00e1s de 10 a\u00f1os de experiencia en medicina est\u00e9tica y l\u00e1ser.<br data-start=\"231\" data-end=\"234\" \/>Formado en la Universidad Nacional de Colombia, y con estudios complementarios en Colombia, Argentina y Brasil, mantiene un firme compromiso con la educaci\u00f3n continua y el crecimiento profesional responsable.<\/p><p data-start=\"444\" data-end=\"683\">Como fundador de KDK Academy, cree en una formaci\u00f3n clara, \u00e9tica y basada en la evidencia. Su objetivo es brindar herramientas reales y actualizadas que permitan a los profesionales de la salud avanzar con criterio cl\u00ednico y bases s\u00f3lidas.<\/p>\t\t\t\t\t\t\t\t<\/div>\n\t\t\t\t<\/div>\n\t\t\t\t<\/div>\n\t\t\t\t<\/div>\n\t\t\t\t\t<\/div>\n\t\t\t\t<\/div>\n\t\t<div class=\"elementor-element elementor-element-0d59d3d e-flex e-con-boxed e-con e-parent\" data-id=\"0d59d3d\" data-element_type=\"container\" data-e-type=\"container\">\n\t\t\t\t\t<div class=\"e-con-inner\">\n\t\t\t\t<div class=\"elementor-element elementor-element-5603b08 elementor-widget elementor-widget-spacer\" data-id=\"5603b08\" data-element_type=\"widget\" data-e-type=\"widget\" data-widget_type=\"spacer.default\">\n\t\t\t\t<div class=\"elementor-widget-container\">\n\t\t\t\t\t\t\t<div class=\"elementor-spacer\">\n\t\t\t<div class=\"elementor-spacer-inner\"><\/div>\n\t\t<\/div>\n\t\t\t\t\t\t<\/div>\n\t\t\t\t<\/div>\n\t\t\t\t\t<\/div>\n\t\t\t\t<\/div>\n\t\t\t\t<\/div>","protected":false},"excerpt":{"rendered":"<p>Ver especialistas Diego Daniel D\u00edaz M\u00e9dico General \/ Medico Est\u00e9tico M\u00e9dico cirujano con m\u00e1s de 10 a\u00f1os de experiencia en medicina est\u00e9tica y l\u00e1ser.Formado en la Universidad Nacional de Colombia, y con estudios complementarios en Colombia, Argentina y Brasil, mantiene un firme compromiso con la educaci\u00f3n continua y el crecimiento profesional responsable. Como fundador de [&hellip;]<\/p>\n","protected":false},"author":1,"featured_media":0,"parent":0,"menu_order":0,"comment_status":"closed","ping_status":"closed","template":"","meta":{"_acf_changed":false,"footnotes":""},"class_list":["post-4778","page","type-page","status-publish","hentry"],"acf":[],"_links":{"self":[{"href":"https:\/\/kdkacademyonline.com\/en\/wp-json\/wp\/v2\/pages\/4778","targetHints":{"allow":["GET"]}}],"collection":[{"href":"https:\/\/kdkacademyonline.com\/en\/wp-json\/wp\/v2\/pages"}],"about":[{"href":"https:\/\/kdkacademyonline.com\/en\/wp-json\/wp\/v2\/types\/page"}],"author":[{"embeddable":true,"href":"https:\/\/kdkacademyonline.com\/en\/wp-json\/wp\/v2\/users\/1"}],"replies":[{"embeddable":true,"href":"https:\/\/kdkacademyonline.com\/en\/wp-json\/wp\/v2\/comments?post=4778"}],"version-history":[{"count":0,"href":"https:\/\/kdkacademyonline.com\/en\/wp-json\/wp\/v2\/pages\/4778\/revisions"}],"wp:attachment":[{"href":"https:\/\/kdkacademyonline.com\/en\/wp-json\/wp\/v2\/media?parent=4778"}],"curies":[{"name":"wp","href":"https:\/\/api.w.org\/{rel}","templated":true}]}}