{"id":4225,"date":"2025-09-01T17:46:58","date_gmt":"2025-09-01T12:46:58","guid":{"rendered":"https:\/\/kdkacademyonline.com\/?page_id=4225"},"modified":"2025-09-01T18:29:10","modified_gmt":"2025-09-01T13:29:10","slug":"politica-de-privacidad","status":"publish","type":"page","link":"https:\/\/kdkacademyonline.com\/en\/politica-de-privacidad\/","title":{"rendered":"Pol\u00edtica de privacidad"},"content":{"rendered":"<div data-elementor-type=\"wp-page\" data-elementor-id=\"4225\" class=\"elementor elementor-4225\" data-elementor-post-type=\"page\">\n\t\t\t\t<div class=\"elementor-element elementor-element-ca8934f e-flex e-con-boxed e-con e-parent\" data-id=\"ca8934f\" data-element_type=\"container\" data-e-type=\"container\">\n\t\t\t\t\t<div class=\"e-con-inner\">\n\t\t\t\t<div class=\"elementor-element elementor-element-354c452 elementor-widget elementor-widget-spacer\" data-id=\"354c452\" data-element_type=\"widget\" data-e-type=\"widget\" data-widget_type=\"spacer.default\">\n\t\t\t\t<div class=\"elementor-widget-container\">\n\t\t\t\t\t\t\t<div class=\"elementor-spacer\">\n\t\t\t<div class=\"elementor-spacer-inner\"><\/div>\n\t\t<\/div>\n\t\t\t\t\t\t<\/div>\n\t\t\t\t<\/div>\n\t\t\t\t\t<\/div>\n\t\t\t\t<\/div>\n\t\t<div class=\"elementor-element elementor-element-c7137b6 e-flex e-con-boxed e-con e-parent\" data-id=\"c7137b6\" data-element_type=\"container\" data-e-type=\"container\">\n\t\t\t\t\t<div class=\"e-con-inner\">\n\t\t\t\t<div class=\"elementor-element elementor-element-2186d53 elementor-widget-tablet__width-initial elementor-widget-mobile__width-initial elementor-widget elementor-widget-text-editor\" data-id=\"2186d53\" data-element_type=\"widget\" data-e-type=\"widget\" data-widget_type=\"text-editor.default\">\n\t\t\t\t<div class=\"elementor-widget-container\">\n\t\t\t\t\t\t\t\t\t<h4 data-start=\"735\" data-end=\"755\">1. Introducci\u00f3n<\/h4><p data-start=\"756\" data-end=\"1063\">Bienvenido a <strong data-start=\"769\" data-end=\"784\">KDK Academy<\/strong>. Nos comprometemos a proteger la privacidad de nuestros usuarios y garantizar la seguridad de sus datos personales. Esta Pol\u00edtica de Privacidad explica c\u00f3mo recopilamos, usamos y protegemos la informaci\u00f3n personal de los usuarios de nuestro <strong data-start=\"1026\" data-end=\"1060\">sitio web y servicios en l\u00ednea<\/strong>.<\/p><p data-start=\"487\" data-end=\"916\">Nuestros programas de formaci\u00f3n est\u00e1n dise\u00f1ados para <strong data-start=\"540\" data-end=\"633\">profesionales y personas en formaci\u00f3n dentro del campo de la salud y la medicina est\u00e9tica<\/strong>. El acceso y aplicaci\u00f3n pr\u00e1ctica de los contenidos deber\u00e1 realizarse \u00fanicamente por quienes est\u00e9n <strong data-start=\"732\" data-end=\"783\">legalmente habilitados en su pa\u00eds de residencia<\/strong>. <strong data-start=\"785\" data-end=\"914\">KDK Academy no se hace responsable si la informaci\u00f3n es utilizada de forma indebida o sin cumplir con las leyes de cada pa\u00eds.<\/strong><\/p><p data-start=\"918\" data-end=\"1003\">Al utilizar el sitio web, usted acepta los t\u00e9rminos de esta Pol\u00edtica de Privacidad.<\/p><p data-start=\"1065\" data-end=\"1150\">Al utilizar el sitio web, usted acepta los t\u00e9rminos de esta Pol\u00edtica de Privacidad.<\/p><h4 data-start=\"1157\" data-end=\"1192\">\u00a0<\/h4><h4 data-start=\"1157\" data-end=\"1192\">2. Informaci\u00f3n que Recopilamos<\/h4><p data-start=\"1193\" data-end=\"1288\">Cuando el usuario se registra en el sitio web, recopilamos la siguiente informaci\u00f3n personal:<\/p><ul data-start=\"1290\" data-end=\"1373\"><li data-start=\"1290\" data-end=\"1312\"><p data-start=\"1292\" data-end=\"1312\">Nombre y Apellidos<\/p><\/li><li data-start=\"1313\" data-end=\"1335\"><p data-start=\"1315\" data-end=\"1335\">Correo Electr\u00f3nico<\/p><\/li><li data-start=\"1336\" data-end=\"1358\"><p data-start=\"1338\" data-end=\"1358\">N\u00famero de Tel\u00e9fono<\/p><\/li><li data-start=\"1359\" data-end=\"1373\"><p data-start=\"1361\" data-end=\"1373\">Contrase\u00f1a<\/p><\/li><\/ul><p data-start=\"1375\" data-end=\"1547\">\u26a0\ufe0f <strong data-start=\"1378\" data-end=\"1416\">No recopilamos informaci\u00f3n de pago<\/strong>, ya que todas las compras de cursos se realizan a trav\u00e9s de <strong data-start=\"1477\" data-end=\"1488\">Hotmart<\/strong>, una plataforma externa de gesti\u00f3n y venta de contenido.<\/p><h4 data-start=\"1554\" data-end=\"1583\">\u00a0<\/h4><h4 data-start=\"1554\" data-end=\"1583\">3. Uso de la Informaci\u00f3n<\/h4><p data-start=\"1584\" data-end=\"1636\">Los datos personales recopilados se utilizan para:<\/p><ul data-start=\"1638\" data-end=\"1975\"><li data-start=\"1638\" data-end=\"1696\"><p data-start=\"1640\" data-end=\"1696\">Facilitar el acceso al contenido adquirido en Hotmart.<\/p><\/li><li data-start=\"1697\" data-end=\"1780\"><p data-start=\"1699\" data-end=\"1780\">Verificar el estado de compra del usuario y habilitar el acceso seg\u00fan su nivel.<\/p><\/li><li data-start=\"1781\" data-end=\"1850\"><p data-start=\"1783\" data-end=\"1850\">Enviar notificaciones importantes a trav\u00e9s de correo electr\u00f3nico.<\/p><\/li><li data-start=\"1851\" data-end=\"1919\"><p data-start=\"1853\" data-end=\"1919\">Gestionar reservas de masterclass o eventos, cuando corresponda.<\/p><\/li><li data-start=\"1920\" data-end=\"1975\"><p data-start=\"1922\" data-end=\"1975\">Mejorar la experiencia del usuario en el sitio web.<\/p><\/li><\/ul><h4 data-start=\"1824\" data-end=\"1866\">\u00a0<\/h4><h4 data-start=\"1824\" data-end=\"1866\">4. Compartici\u00f3n de Datos con Terceros<\/h4><p data-start=\"1867\" data-end=\"2067\">KDK Academy no vende ni alquila informaci\u00f3n personal a terceros.<br data-start=\"1931\" data-end=\"1934\" \/>Sin embargo, algunos datos son compartidos con <strong data-start=\"1981\" data-end=\"1992\">Hotmart<\/strong>, ya que esta plataforma gestiona las compras de cursos, accesos y pagos.<\/p><p data-start=\"2069\" data-end=\"2292\">Para m\u00e1s informaci\u00f3n sobre c\u00f3mo Hotmart maneja los datos personales, puede consultar su pol\u00edtica de privacidad:<br data-start=\"2180\" data-end=\"2183\" \/>\ud83d\udc49 <a class=\"decorated-link\" href=\"https:\/\/www.hotmart.com\/legal\/es-LA\/privacy-policy?utm_source=chatgpt.com\" target=\"_new\" rel=\"noopener\" data-start=\"2186\" data-end=\"2290\">https:\/\/www.hotmart.com\/legal\/es-LA\/privacy-policy<\/a><\/p><h4 data-start=\"2970\" data-end=\"2998\">5. Derechos del Usuario<\/h4><p data-start=\"2999\" data-end=\"3028\">El usuario tiene derecho a:<\/p><ul data-start=\"3030\" data-end=\"3215\"><li data-start=\"3030\" data-end=\"3084\"><p data-start=\"3032\" data-end=\"3084\">Acceder, corregir o eliminar sus datos personales.<\/p><\/li><li data-start=\"3085\" data-end=\"3145\"><p data-start=\"3087\" data-end=\"3145\">Solicitar la eliminaci\u00f3n de su cuenta y datos asociados.<\/p><\/li><li data-start=\"3146\" data-end=\"3215\"><p data-start=\"3148\" data-end=\"3215\">Revocar la autorizaci\u00f3n de uso de sus datos en cualquier momento.<\/p><\/li><\/ul><p data-start=\"3217\" data-end=\"3303\">Para ejercer estos derechos, puede contactarnos en <strong data-start=\"3268\" data-end=\"3300\"><a class=\"decorated-link cursor-pointer\" rel=\"noopener\" data-start=\"3270\" data-end=\"3298\">support@kdkacademyonline.com<\/a><\/strong>.<\/p><h2 data-start=\"3310\" data-end=\"3340\">\u00a0<\/h2><h4 data-start=\"3310\" data-end=\"3340\">6. Seguridad de los Datos<\/h4><p data-start=\"3341\" data-end=\"3498\">Implementamos medidas de seguridad t\u00e9cnicas y organizativas para proteger los datos de los usuarios contra accesos no autorizados, p\u00e9rdidas o alteraciones.<\/p><h4 data-start=\"3505\" data-end=\"3549\">\u00a0<\/h4><h4 data-start=\"3505\" data-end=\"3549\">7. Cambios en la Pol\u00edtica de Privacidad<\/h4><p data-start=\"3550\" data-end=\"3704\">Podemos actualizar esta pol\u00edtica de privacidad peri\u00f3dicamente. Notificaremos cualquier cambio relevante a trav\u00e9s del sitio web o por correo electr\u00f3nico.<\/p><h2 data-start=\"3711\" data-end=\"3727\">\u00a0<\/h2><h4 data-start=\"3711\" data-end=\"3727\">8. Contacto<\/h4><p data-start=\"3728\" data-end=\"3820\">Si tiene preguntas o inquietudes sobre esta Pol\u00edtica de Privacidad, puede contactarnos en:<\/p><ul data-start=\"3822\" data-end=\"3954\"><li data-start=\"3822\" data-end=\"3878\"><p data-start=\"3824\" data-end=\"3878\">Correo electr\u00f3nico: <strong data-start=\"3844\" data-end=\"3876\"><a class=\"decorated-link cursor-pointer\" rel=\"noopener\" data-start=\"3846\" data-end=\"3874\">support@kdkacademyonline.com<\/a><\/strong><\/p><\/li><li data-start=\"3879\" data-end=\"3954\"><p data-start=\"3881\" data-end=\"3954\">Sitio web: <a class=\"decorated-link\" href=\"https:\/\/kdkacademyonline.com\/en\/?utm_source=chatgpt.com\" target=\"_new\" rel=\"noopener\" data-start=\"3892\" data-end=\"3952\">https:\/\/kdkacademyonline.com<\/a><\/p><\/li><\/ul><p>\u00a0<\/p><h4>9. Uso de contenidos<\/h4><p>El acceso a los cursos y materiales de KDK Academy es personal e intransferible. Queda prohibida su descarga, copia, distribuci\u00f3n, reventa o cualquier forma de explotaci\u00f3n no autorizada. El incumplimiento podr\u00e1 dar lugar a la suspensi\u00f3n de la cuenta y a acciones legales conforme a la normativa aplicable.<\/p>\t\t\t\t\t\t\t\t<\/div>\n\t\t\t\t<\/div>\n\t\t\t\t<div class=\"elementor-element elementor-element-bb46934 elementor-widget elementor-widget-text-editor\" data-id=\"bb46934\" data-element_type=\"widget\" data-e-type=\"widget\" data-widget_type=\"text-editor.default\">\n\t\t\t\t<div class=\"elementor-widget-container\">\n\t\t\t\t\t\t\t\t\t<h3 data-start=\"709\" data-end=\"733\">POL\u00cdTICA DE PRIVACIDAD<\/h3>\t\t\t\t\t\t\t\t<\/div>\n\t\t\t\t<\/div>\n\t\t\t\t\t<\/div>\n\t\t\t\t<\/div>\n\t\t<div class=\"elementor-element elementor-element-87dc00d e-flex e-con-boxed e-con e-parent\" data-id=\"87dc00d\" data-element_type=\"container\" data-e-type=\"container\">\n\t\t\t\t\t<div class=\"e-con-inner\">\n\t\t\t\t<div class=\"elementor-element elementor-element-31c6521 elementor-widget elementor-widget-spacer\" data-id=\"31c6521\" data-element_type=\"widget\" data-e-type=\"widget\" data-widget_type=\"spacer.default\">\n\t\t\t\t<div class=\"elementor-widget-container\">\n\t\t\t\t\t\t\t<div class=\"elementor-spacer\">\n\t\t\t<div class=\"elementor-spacer-inner\"><\/div>\n\t\t<\/div>\n\t\t\t\t\t\t<\/div>\n\t\t\t\t<\/div>\n\t\t\t\t\t<\/div>\n\t\t\t\t<\/div>\n\t\t\t\t<\/div>","protected":false},"excerpt":{"rendered":"<p>POL\u00cdTICA DE PRIVACIDAD \u00a0 1. Introducci\u00f3n Bienvenido a KDK Academy. Nos comprometemos a proteger la privacidad de nuestros usuarios y garantizar la seguridad de sus datos personales. Esta Pol\u00edtica de Privacidad explica c\u00f3mo recopilamos, usamos y protegemos la informaci\u00f3n personal de los usuarios de nuestro sitio web y servicios en l\u00ednea. Al utilizar el sitio [&hellip;]<\/p>\n","protected":false},"author":1,"featured_media":0,"parent":0,"menu_order":0,"comment_status":"closed","ping_status":"closed","template":"","meta":{"_acf_changed":false,"footnotes":""},"class_list":["post-4225","page","type-page","status-publish","hentry"],"acf":[],"_links":{"self":[{"href":"https:\/\/kdkacademyonline.com\/en\/wp-json\/wp\/v2\/pages\/4225","targetHints":{"allow":["GET"]}}],"collection":[{"href":"https:\/\/kdkacademyonline.com\/en\/wp-json\/wp\/v2\/pages"}],"about":[{"href":"https:\/\/kdkacademyonline.com\/en\/wp-json\/wp\/v2\/types\/page"}],"author":[{"embeddable":true,"href":"https:\/\/kdkacademyonline.com\/en\/wp-json\/wp\/v2\/users\/1"}],"replies":[{"embeddable":true,"href":"https:\/\/kdkacademyonline.com\/en\/wp-json\/wp\/v2\/comments?post=4225"}],"version-history":[{"count":0,"href":"https:\/\/kdkacademyonline.com\/en\/wp-json\/wp\/v2\/pages\/4225\/revisions"}],"wp:attachment":[{"href":"https:\/\/kdkacademyonline.com\/en\/wp-json\/wp\/v2\/media?parent=4225"}],"curies":[{"name":"wp","href":"https:\/\/api.w.org\/{rel}","templated":true}]}}